{"id":423,"date":"2023-07-26T19:42:15","date_gmt":"2023-07-26T19:42:15","guid":{"rendered":"https:\/\/goat-cult.com\/?page_id=423"},"modified":"2023-08-04T15:52:36","modified_gmt":"2023-08-04T15:52:36","slug":"about-us","status":"publish","type":"page","link":"https:\/\/goat-cult.com\/es\/about-us\/","title":{"rendered":"Sobre Nosotros"},"content":{"rendered":"<div data-elementor-type=\"wp-page\" data-elementor-id=\"423\" class=\"elementor elementor-423\" data-elementor-post-type=\"page\">\n\t\t\t\t\t\t<section class=\"elementor-section elementor-top-section elementor-element elementor-element-4ff6bf7 elementor-section-height-min-height elementor-section-boxed elementor-section-height-default elementor-section-items-middle\" data-id=\"4ff6bf7\" data-element_type=\"section\" data-settings=\"{&quot;background_background&quot;:&quot;classic&quot;}\">\n\t\t\t\t\t\t<div class=\"elementor-container elementor-column-gap-default\">\n\t\t\t\t\t<div class=\"elementor-column elementor-col-100 elementor-top-column elementor-element elementor-element-a054abb\" data-id=\"a054abb\" data-element_type=\"column\">\n\t\t\t<div class=\"elementor-widget-wrap elementor-element-populated\">\n\t\t\t\t\t\t<section class=\"elementor-section elementor-inner-section elementor-element elementor-element-2938503 elementor-section-boxed elementor-section-height-default elementor-section-height-default\" data-id=\"2938503\" data-element_type=\"section\">\n\t\t\t\t\t\t<div class=\"elementor-container elementor-column-gap-custom\">\n\t\t\t\t\t<div class=\"elementor-column elementor-col-50 elementor-inner-column elementor-element elementor-element-d7f3197\" data-id=\"d7f3197\" data-element_type=\"column\">\n\t\t\t<div class=\"elementor-widget-wrap elementor-element-populated\">\n\t\t\t\t\t\t<div class=\"elementor-element elementor-element-a89c9db elementor-widget elementor-widget-heading\" data-id=\"a89c9db\" data-element_type=\"widget\" data-widget_type=\"heading.default\">\n\t\t\t\t<div class=\"elementor-widget-container\">\n\t\t\t\t\t<h2 class=\"elementor-heading-title elementor-size-default\">Sobre Nosotros<\/h2>\t\t\t\t<\/div>\n\t\t\t\t<\/div>\n\t\t\t\t\t<\/div>\n\t\t<\/div>\n\t\t\t\t<div class=\"elementor-column elementor-col-50 elementor-inner-column elementor-element elementor-element-b78d17f\" data-id=\"b78d17f\" data-element_type=\"column\" data-settings=\"{&quot;background_background&quot;:&quot;classic&quot;}\">\n\t\t\t<div class=\"elementor-widget-wrap elementor-element-populated\">\n\t\t\t\t\t\t<div class=\"elementor-element elementor-element-d4a084d elementor-widget elementor-widget-heading\" data-id=\"d4a084d\" data-element_type=\"widget\" data-widget_type=\"heading.default\">\n\t\t\t\t<div class=\"elementor-widget-container\">\n\t\t\t\t\t<h2 class=\"elementor-heading-title elementor-size-default\">GOAT ofrece oportunidades de clase mundial a clientes de clase mundial.<\/h2>\t\t\t\t<\/div>\n\t\t\t\t<\/div>\n\t\t\t\t<div class=\"elementor-element elementor-element-d85c649 elementor-widget elementor-widget-text-editor\" data-id=\"d85c649\" data-element_type=\"widget\" data-widget_type=\"text-editor.default\">\n\t\t\t\t<div class=\"elementor-widget-container\">\n\t\t\t\t\t\t\t\t\t<p>Posicionados en el centro del talento, contenido, marcas, tecnolog\u00eda, deportes y eventos en vivo, <b>GOAT<\/b> crea oportunidades ilimitadas para los atletas, desarrolladores de contenido, l\u00edderes de opini\u00f3n, \u00edconos y referentes que dan forma a la cultura popular.<\/p><p>A trav\u00e9s del deporte, cine, televisi\u00f3n, m\u00fasica, medios digitales, marketing y m\u00e1s, nos esforzamos por representar a los principales atletas, actores, directores, escritores, productores, artistas musicales, comediantes, autores, entrenadores, locutores, equipos, ligas, chefs, dise\u00f1adores, talentos de moda, marcas de consumo y m\u00e1s.<\/p><p>En servicio a los talentos y marcas, nos comprometemos a entregar una visi\u00f3n s\u00f3lida, vibrante e innovadora en la b\u00fasqueda de impacto global.<\/p><p>Desde la fundaci\u00f3n de nuestro grupo de empresas en 2007, GOAT ha mantenido la promesa de representar a cada cliente en cada una de las aristas del grupo. Este enfoque colaborativo beneficia ahora m\u00e1s que nunca a nuestros partners, entregando entrada a un escenario compuesto por m\u00faltiples marcas, disciplinas y plataformas.<\/p>\t\t\t\t\t\t\t\t<\/div>\n\t\t\t\t<\/div>\n\t\t\t\t<div class=\"elementor-element elementor-element-29b60a6 elementor-widget elementor-widget-video\" data-id=\"29b60a6\" data-element_type=\"widget\" data-settings=\"{&quot;youtube_url&quot;:&quot;https:\\\/\\\/youtu.be\\\/RsY0GEXssik&quot;,&quot;autoplay&quot;:&quot;yes&quot;,&quot;play_on_mobile&quot;:&quot;yes&quot;,&quot;mute&quot;:&quot;yes&quot;,&quot;video_type&quot;:&quot;youtube&quot;,&quot;controls&quot;:&quot;yes&quot;}\" data-widget_type=\"video.default\">\n\t\t\t\t<div class=\"elementor-widget-container\">\n\t\t\t\t\t\t\t<div class=\"elementor-wrapper elementor-open-inline\">\n\t\t\t<div class=\"elementor-video\"><\/div>\t\t<\/div>\n\t\t\t\t\t\t<\/div>\n\t\t\t\t<\/div>\n\t\t\t\t\t<\/div>\n\t\t<\/div>\n\t\t\t\t\t<\/div>\n\t\t<\/section>\n\t\t\t\t\t<\/div>\n\t\t<\/div>\n\t\t\t\t\t<\/div>\n\t\t<\/section>\n\t\t\t\t<\/div>","protected":false},"excerpt":{"rendered":"<p>About us GOAT delivers world-class opportunities to world-class clients. Positioned at the nexus of talent, content, brands, technology, sports, and live events, GOAT creates limitless opportunities for athletes, storytellers, trendsetters, icons, and thought leaders who shape popular culture. Across sports, film, television, music, digital media, marketing, and beyond, we pursuit to represent world\u2019s leading athletes, [&hellip;]<\/p>","protected":false},"author":1,"featured_media":0,"parent":0,"menu_order":0,"comment_status":"closed","ping_status":"closed","template":"","meta":{"footnotes":""},"class_list":["post-423","page","type-page","status-publish","hentry"],"yoast_head":"<!-- This site is optimized with the Yoast SEO plugin v25.6 - https:\/\/yoast.com\/wordpress\/plugins\/seo\/ -->\n<title>About Us - Goat<\/title>\n<meta name=\"robots\" content=\"index, follow, max-snippet:-1, max-image-preview:large, max-video-preview:-1\" \/>\n<link rel=\"canonical\" href=\"https:\/\/goat-cult.com\/es\/about-us\/\" \/>\n<meta property=\"og:locale\" content=\"es_ES\" \/>\n<meta property=\"og:type\" content=\"article\" \/>\n<meta property=\"og:title\" content=\"About Us - Goat\" \/>\n<meta property=\"og:description\" content=\"About us GOAT delivers world-class opportunities to world-class clients. Positioned at the nexus of talent, content, brands, technology, sports, and live events, GOAT creates limitless opportunities for athletes, storytellers, trendsetters, icons, and thought leaders who shape popular culture. Across sports, film, television, music, digital media, marketing, and beyond, we pursuit to represent world\u2019s leading athletes, [&hellip;]\" \/>\n<meta property=\"og:url\" content=\"https:\/\/goat-cult.com\/es\/about-us\/\" \/>\n<meta property=\"og:site_name\" content=\"Goat\" \/>\n<meta property=\"article:modified_time\" content=\"2023-08-04T15:52:36+00:00\" \/>\n<meta property=\"og:image\" content=\"https:\/\/goat-cult.com\/wp-content\/uploads\/2023\/08\/ISOTIPO-GOAT.png\" \/>\n\t<meta property=\"og:image:width\" content=\"1213\" \/>\n\t<meta property=\"og:image:height\" content=\"1020\" \/>\n\t<meta property=\"og:image:type\" content=\"image\/png\" \/>\n<meta name=\"twitter:card\" content=\"summary_large_image\" \/>\n<meta name=\"twitter:label1\" content=\"Tiempo estimado de lectura\" \/>\n\t<meta name=\"twitter:data1\" content=\"1 minuto\" \/>\n<script type=\"application\/ld+json\" class=\"yoast-schema-graph\">{\"@context\":\"https:\/\/schema.org\",\"@graph\":[{\"@type\":\"WebPage\",\"@id\":\"https:\/\/goat-cult.com\/about-us\/\",\"url\":\"https:\/\/goat-cult.com\/about-us\/\",\"name\":\"About Us - Goat\",\"isPartOf\":{\"@id\":\"https:\/\/goat-cult.com\/#website\"},\"datePublished\":\"2023-07-26T19:42:15+00:00\",\"dateModified\":\"2023-08-04T15:52:36+00:00\",\"breadcrumb\":{\"@id\":\"https:\/\/goat-cult.com\/about-us\/#breadcrumb\"},\"inLanguage\":\"es-CL\",\"potentialAction\":[{\"@type\":\"ReadAction\",\"target\":[\"https:\/\/goat-cult.com\/about-us\/\"]}]},{\"@type\":\"BreadcrumbList\",\"@id\":\"https:\/\/goat-cult.com\/about-us\/#breadcrumb\",\"itemListElement\":[{\"@type\":\"ListItem\",\"position\":1,\"name\":\"Portada\",\"item\":\"https:\/\/goat-cult.com\/\"},{\"@type\":\"ListItem\",\"position\":2,\"name\":\"About Us\"}]},{\"@type\":\"WebSite\",\"@id\":\"https:\/\/goat-cult.com\/#website\",\"url\":\"https:\/\/goat-cult.com\/\",\"name\":\"Goat\",\"description\":\"For Talents, For Brands, For Companies.\",\"publisher\":{\"@id\":\"https:\/\/goat-cult.com\/#organization\"},\"potentialAction\":[{\"@type\":\"SearchAction\",\"target\":{\"@type\":\"EntryPoint\",\"urlTemplate\":\"https:\/\/goat-cult.com\/?s={search_term_string}\"},\"query-input\":{\"@type\":\"PropertyValueSpecification\",\"valueRequired\":true,\"valueName\":\"search_term_string\"}}],\"inLanguage\":\"es-CL\"},{\"@type\":\"Organization\",\"@id\":\"https:\/\/goat-cult.com\/#organization\",\"name\":\"Goat\",\"url\":\"https:\/\/goat-cult.com\/\",\"logo\":{\"@type\":\"ImageObject\",\"inLanguage\":\"es-CL\",\"@id\":\"https:\/\/goat-cult.com\/#\/schema\/logo\/image\/\",\"url\":\"https:\/\/goat-cult.com\/wp-content\/uploads\/2023\/05\/ISOTIPO-GOAT.png\",\"contentUrl\":\"https:\/\/goat-cult.com\/wp-content\/uploads\/2023\/05\/ISOTIPO-GOAT.png\",\"width\":1213,\"height\":1020,\"caption\":\"Goat\"},\"image\":{\"@id\":\"https:\/\/goat-cult.com\/#\/schema\/logo\/image\/\"}}]}<\/script>\n<!-- \/ Yoast SEO plugin. -->","yoast_head_json":{"title":"About Us - Goat","robots":{"index":"index","follow":"follow","max-snippet":"max-snippet:-1","max-image-preview":"max-image-preview:large","max-video-preview":"max-video-preview:-1"},"canonical":"https:\/\/goat-cult.com\/es\/about-us\/","og_locale":"es_ES","og_type":"article","og_title":"About Us - Goat","og_description":"About us GOAT delivers world-class opportunities to world-class clients. Positioned at the nexus of talent, content, brands, technology, sports, and live events, GOAT creates limitless opportunities for athletes, storytellers, trendsetters, icons, and thought leaders who shape popular culture. Across sports, film, television, music, digital media, marketing, and beyond, we pursuit to represent world\u2019s leading athletes, [&hellip;]","og_url":"https:\/\/goat-cult.com\/es\/about-us\/","og_site_name":"Goat","article_modified_time":"2023-08-04T15:52:36+00:00","og_image":[{"width":1213,"height":1020,"url":"https:\/\/goat-cult.com\/wp-content\/uploads\/2023\/08\/ISOTIPO-GOAT.png","type":"image\/png"}],"twitter_card":"summary_large_image","twitter_misc":{"Tiempo estimado de lectura":"1 minuto"},"schema":{"@context":"https:\/\/schema.org","@graph":[{"@type":"WebPage","@id":"https:\/\/goat-cult.com\/about-us\/","url":"https:\/\/goat-cult.com\/about-us\/","name":"About Us - Goat","isPartOf":{"@id":"https:\/\/goat-cult.com\/#website"},"datePublished":"2023-07-26T19:42:15+00:00","dateModified":"2023-08-04T15:52:36+00:00","breadcrumb":{"@id":"https:\/\/goat-cult.com\/about-us\/#breadcrumb"},"inLanguage":"es-CL","potentialAction":[{"@type":"ReadAction","target":["https:\/\/goat-cult.com\/about-us\/"]}]},{"@type":"BreadcrumbList","@id":"https:\/\/goat-cult.com\/about-us\/#breadcrumb","itemListElement":[{"@type":"ListItem","position":1,"name":"Portada","item":"https:\/\/goat-cult.com\/"},{"@type":"ListItem","position":2,"name":"About Us"}]},{"@type":"WebSite","@id":"https:\/\/goat-cult.com\/#website","url":"https:\/\/goat-cult.com\/","name":"Goat","description":"For Talents, For Brands, For Companies.","publisher":{"@id":"https:\/\/goat-cult.com\/#organization"},"potentialAction":[{"@type":"SearchAction","target":{"@type":"EntryPoint","urlTemplate":"https:\/\/goat-cult.com\/?s={search_term_string}"},"query-input":{"@type":"PropertyValueSpecification","valueRequired":true,"valueName":"search_term_string"}}],"inLanguage":"es-CL"},{"@type":"Organization","@id":"https:\/\/goat-cult.com\/#organization","name":"Goat","url":"https:\/\/goat-cult.com\/","logo":{"@type":"ImageObject","inLanguage":"es-CL","@id":"https:\/\/goat-cult.com\/#\/schema\/logo\/image\/","url":"https:\/\/goat-cult.com\/wp-content\/uploads\/2023\/05\/ISOTIPO-GOAT.png","contentUrl":"https:\/\/goat-cult.com\/wp-content\/uploads\/2023\/05\/ISOTIPO-GOAT.png","width":1213,"height":1020,"caption":"Goat"},"image":{"@id":"https:\/\/goat-cult.com\/#\/schema\/logo\/image\/"}}]}},"_links":{"self":[{"href":"https:\/\/goat-cult.com\/es\/wp-json\/wp\/v2\/pages\/423","targetHints":{"allow":["GET"]}}],"collection":[{"href":"https:\/\/goat-cult.com\/es\/wp-json\/wp\/v2\/pages"}],"about":[{"href":"https:\/\/goat-cult.com\/es\/wp-json\/wp\/v2\/types\/page"}],"author":[{"embeddable":true,"href":"https:\/\/goat-cult.com\/es\/wp-json\/wp\/v2\/users\/1"}],"replies":[{"embeddable":true,"href":"https:\/\/goat-cult.com\/es\/wp-json\/wp\/v2\/comments?post=423"}],"version-history":[{"count":0,"href":"https:\/\/goat-cult.com\/es\/wp-json\/wp\/v2\/pages\/423\/revisions"}],"wp:attachment":[{"href":"https:\/\/goat-cult.com\/es\/wp-json\/wp\/v2\/media?parent=423"}],"curies":[{"name":"wp","href":"https:\/\/api.w.org\/{rel}","templated":true}]}}